{"id":10,"date":"2025-05-17T18:15:42","date_gmt":"2025-05-17T16:15:42","guid":{"rendered":"http:\/\/www.bootshaus-gravel.de\/?page_id=10"},"modified":"2026-03-04T07:39:10","modified_gmt":"2026-03-04T06:39:10","slug":"das-gravelbike-event-an-rhein-und-ahr","status":"publish","type":"page","link":"https:\/\/www.bootshaus-gravel.de\/","title":{"rendered":"Das Gravelbike-Event am Rhein"},"content":{"rendered":"\n<p>Gro\u00dfe Gravel-Party zum kleinen Jubil\u00e4um: Zum 5. Mal laden wir im Sp\u00e4tsommer 2026 zum <strong>Gravelbike-Event am Bootshaus Bonn-Oberkassel<\/strong>. Vom Start am Rheinufer geht es bei unserem kleinen, aber feinen Gravelbike-Event in Bonn auf die <strong>komplett neuen Strecken<\/strong>. Egal ob ca. 30, 60 oder 100 Kilometer &#8211; die Strecken werden wie immer mit viel Detailverliebtheit f\u00fcr euch ausgearbeitet. Und ganz gleich f\u00fcr welche Strecke du dich entscheidest: Nach dem Ride sitzen wir gemeinsam am Strand und blicken auf einen gro\u00dfartigen Tag im Sattel zur\u00fcck.<\/p>\n\n\n\n<p class=\"has-vivid-red-color has-text-color has-link-color wp-elements-7a33a39f3d46b257718b4f35625a080b\"><strong>Die Anmeldung ist geschlossen, alle Pl\u00e4tze sind vergeben. Aber hier kannst du dich zur Warteliste eintragen. Wer wei\u00df, vielleicht wird ja noch ein Platz frei.<\/strong><\/p>\n\n\n\n<div class=\"wp-block-buttons is-content-justification-center is-layout-flex wp-container-core-buttons-is-layout-16018d1d wp-block-buttons-is-layout-flex\">\n<div class=\"wp-block-button\"><a class=\"wp-block-button__link has-background wp-element-button\" href=\"https:\/\/docs.google.com\/forms\/d\/e\/1FAIpQLSeainAMh8H7DmGVrpBhpjhAbOmkYBxniNA1i1gFARBybMfs2Q\/viewform?usp=dialog\" style=\"background-color:#3ab6b0\">Zur Warteliste<\/a><\/div>\n<\/div>\n\n\n\n<hr class=\"wp-block-separator has-alpha-channel-opacity\"\/>\n\n\n\n<figure class=\"wp-block-image size-full\"><img loading=\"lazy\" decoding=\"async\" width=\"768\" height=\"432\" src=\"https:\/\/www.bootshaus-gravel.de\/wp-content\/uploads\/2025\/10\/keke_032.jpg\" alt=\"Bootshaus Gravel Bonn vor dem Start\" class=\"wp-image-172\" srcset=\"https:\/\/www.bootshaus-gravel.de\/wp-content\/uploads\/2025\/10\/keke_032.jpg 768w, https:\/\/www.bootshaus-gravel.de\/wp-content\/uploads\/2025\/10\/keke_032-300x169.jpg 300w\" sizes=\"auto, (max-width: 767px) 89vw, (max-width: 1000px) 54vw, (max-width: 1071px) 543px, 580px\" \/><figcaption class=\"wp-element-caption\">Volles Haus vor dem Start am Bootshaus. Foto: Keke Dombrowski<\/figcaption><\/figure>\n\n\n\n<p class=\"has-background has-medium-font-size\" style=\"background-color:#3ab6b0\"><strong>Der Modus<\/strong><\/p>\n\n\n\n<p>Bootshaus Gravel Bonn ist ein<strong> Gravel Ride<\/strong> und kein Rennen. Hier geht es nicht um Bestzeiten, sondern um puren <strong>Gravelbike-Genuss<\/strong>. Alleine oder in kleinen Gruppen k\u00f6nnt ihr die Strecken selbst und die wundervolle Landschaft aufsaugen. Auch abseits des Sattels geht es um Genuss und Miteinander. Vom leckeren Kaffee morgens vor dem Start bis zum Apr\u00e8s-Ride-Getr\u00e4nk mit Blick auf den Fluss. Aber keine Sorge, die <strong>sportliche Herausforderung<\/strong> kommt auf den unterschiedlichen Strecken nicht zu kurz.<\/p>\n\n\n\n<hr class=\"wp-block-separator has-alpha-channel-opacity\"\/>\n\n\n\n<figure class=\"wp-block-image size-full\"><img loading=\"lazy\" decoding=\"async\" width=\"768\" height=\"431\" src=\"https:\/\/www.bootshaus-gravel.de\/wp-content\/uploads\/2025\/10\/keke_041.jpg\" alt=\"Fahrszene beim Bootshaus Gravel Bonn\" class=\"wp-image-174\" srcset=\"https:\/\/www.bootshaus-gravel.de\/wp-content\/uploads\/2025\/10\/keke_041.jpg 768w, https:\/\/www.bootshaus-gravel.de\/wp-content\/uploads\/2025\/10\/keke_041-300x168.jpg 300w\" sizes=\"auto, (max-width: 767px) 89vw, (max-width: 1000px) 54vw, (max-width: 1071px) 543px, 580px\" \/><figcaption class=\"wp-element-caption\">Die liebevoll gescouteten Strecken f\u00fchren \u00fcber viel Schotter und durch die Natur. Foto: Keke Dombrowski<\/figcaption><\/figure>\n\n\n\n<p class=\"has-background has-medium-font-size\" style=\"background-color:#3ab6b0\"><strong>Die Location<\/strong><\/p>\n\n\n\n<p>Wo einst das Strandbad am Rhein war, steigt seit dem Jahr 2021 unser Gravel-Ride. Mit dem Bootshaus der <strong><a href=\"https:\/\/www.owv-oberkassel.de\/\" target=\"_blank\" rel=\"noreferrer noopener\">OWV Oberkassel<\/a><\/strong> haben wir die perfekte Location gefunden. Das Bootshaus liegt direkt an dem beliebten <strong>Rheinradweg<\/strong>. Im Jahr 2024 wurde der Radweg zwischen Bonner Stadtgrenze und dem F\u00e4hranleger in Niederdollendorf nagelneu ausgebaut. Ganz nebenbei bietet unser Start- und Zielort einen grandiosen Blick auf den Rhein. Und wer mag, kann sich nach dem Ride am <strong>Sandstrand <\/strong>vor dem Bootshaus entspannen. Du willst dich nach der Gravelbike-Tour frisch machen? Kein Problem: Nach dem Ride k\u00f6nnt ihr im Bootshaus duschen und euch umziehen.<\/p>\n\n\n\n<hr class=\"wp-block-separator has-alpha-channel-opacity\"\/>\n\n\n\n<figure class=\"wp-block-image size-large\"><img loading=\"lazy\" decoding=\"async\" width=\"1024\" height=\"576\" src=\"https:\/\/www.bootshaus-gravel.de\/wp-content\/uploads\/2025\/05\/bootshaus-1024x576.jpg\" alt=\"Teilnehmer:innen beim Bootshaus Gravel Bonn\" class=\"wp-image-83\" srcset=\"https:\/\/www.bootshaus-gravel.de\/wp-content\/uploads\/2025\/05\/bootshaus-1024x576.jpg 1024w, https:\/\/www.bootshaus-gravel.de\/wp-content\/uploads\/2025\/05\/bootshaus-300x169.jpg 300w, https:\/\/www.bootshaus-gravel.de\/wp-content\/uploads\/2025\/05\/bootshaus-768x432.jpg 768w, https:\/\/www.bootshaus-gravel.de\/wp-content\/uploads\/2025\/05\/bootshaus-1536x864.jpg 1536w, https:\/\/www.bootshaus-gravel.de\/wp-content\/uploads\/2025\/05\/bootshaus-2048x1152.jpg 2048w\" sizes=\"auto, (max-width: 767px) 89vw, (max-width: 1000px) 54vw, (max-width: 1071px) 543px, 580px\" \/><figcaption class=\"wp-element-caption\">After-Ride-Kl\u00f6nen am Rhein. Foto: Manuel Buck<\/figcaption><\/figure>\n\n\n\n<p class=\"has-background has-medium-font-size\" style=\"background-color:#3ab6b0\"><strong>Der Ablauf<\/strong><\/p>\n\n\n\n<p><strong>Bootshaus Gravel Ride am 12. September 2026<\/strong><\/p>\n\n\n\n<ul class=\"wp-block-list\">\n<li>Ab 8:00 Uhr morgens begr\u00fc\u00dfen wir euch zum kleinen Fr\u00fchst\u00fcck mit Kaffee und Croissant.<\/li>\n\n\n\n<li>Zwischen 9:00 und 11:00 Uhr k\u00f6nnt ihr individuell oder in kleinen Gruppen auf die Strecke eurer Wahl starten.<\/li>\n\n\n\n<li>Gegen Mitte des Rides erwartet euch eine Verpflegungsstation. Hier k\u00f6nnt ihr euch st\u00e4rken und erfrischen. Und nat\u00fcrlich k\u00f6nnt ihr eure Trinkflaschen und Vorr\u00e4te f\u00fcr den Rest der Strecke auff\u00fcllen.<\/li>\n\n\n\n<li>Zur\u00fcck am Bootshaus begr\u00fc\u00dfen wir euch mit Musik, Kaltgetr\u00e4nken und kulinarischer St\u00e4rkung.<\/li>\n<\/ul>\n\n\n\n<hr class=\"wp-block-separator has-alpha-channel-opacity\"\/>\n\n\n\n<figure class=\"wp-block-image size-full\"><img loading=\"lazy\" decoding=\"async\" width=\"768\" height=\"431\" src=\"https:\/\/www.bootshaus-gravel.de\/wp-content\/uploads\/2025\/10\/keke_061.jpg\" alt=\"Kaffee beim Bootshaus Gravel Bonn\" class=\"wp-image-175\" srcset=\"https:\/\/www.bootshaus-gravel.de\/wp-content\/uploads\/2025\/10\/keke_061.jpg 768w, https:\/\/www.bootshaus-gravel.de\/wp-content\/uploads\/2025\/10\/keke_061-300x168.jpg 300w\" sizes=\"auto, (max-width: 767px) 89vw, (max-width: 1000px) 54vw, (max-width: 1071px) 543px, 580px\" \/><figcaption class=\"wp-element-caption\">Kein Start zum Gravel Ride ohne leckeren Kaffee! Foto: Keke Dombrowski<\/figcaption><\/figure>\n\n\n\n<p><\/p>\n","protected":false},"excerpt":{"rendered":"<p>Gro\u00dfe Gravel-Party zum kleinen Jubil\u00e4um: Zum 5. Mal laden wir im Sp\u00e4tsommer 2026 zum Gravelbike-Event am Bootshaus Bonn-Oberkassel. Vom Start am Rheinufer geht es bei unserem kleinen, aber feinen Gravelbike-Event in Bonn auf die komplett neuen Strecken. Egal ob ca. 30, 60 oder 100 Kilometer &#8211; die Strecken werden wie immer mit viel Detailverliebtheit f\u00fcr &hellip; <\/p>\n<p class=\"link-more\"><a href=\"https:\/\/www.bootshaus-gravel.de\/\" class=\"more-link\"><span class=\"screen-reader-text\">\u201eDas Gravelbike-Event am Rhein\u201c <\/span>weiterlesen<\/a><\/p>\n","protected":false},"author":1,"featured_media":0,"parent":0,"menu_order":0,"comment_status":"closed","ping_status":"closed","template":"","meta":{"footnotes":""},"class_list":["post-10","page","type-page","status-publish","hentry"],"_links":{"self":[{"href":"https:\/\/www.bootshaus-gravel.de\/index.php\/wp-json\/wp\/v2\/pages\/10","targetHints":{"allow":["GET"]}}],"collection":[{"href":"https:\/\/www.bootshaus-gravel.de\/index.php\/wp-json\/wp\/v2\/pages"}],"about":[{"href":"https:\/\/www.bootshaus-gravel.de\/index.php\/wp-json\/wp\/v2\/types\/page"}],"author":[{"embeddable":true,"href":"https:\/\/www.bootshaus-gravel.de\/index.php\/wp-json\/wp\/v2\/users\/1"}],"replies":[{"embeddable":true,"href":"https:\/\/www.bootshaus-gravel.de\/index.php\/wp-json\/wp\/v2\/comments?post=10"}],"version-history":[{"count":19,"href":"https:\/\/www.bootshaus-gravel.de\/index.php\/wp-json\/wp\/v2\/pages\/10\/revisions"}],"predecessor-version":[{"id":202,"href":"https:\/\/www.bootshaus-gravel.de\/index.php\/wp-json\/wp\/v2\/pages\/10\/revisions\/202"}],"wp:attachment":[{"href":"https:\/\/www.bootshaus-gravel.de\/index.php\/wp-json\/wp\/v2\/media?parent=10"}],"curies":[{"name":"wp","href":"https:\/\/api.w.org\/{rel}","templated":true}]}}