{"id":101,"date":"2025-05-21T09:05:13","date_gmt":"2025-05-21T07:05:13","guid":{"rendered":"http:\/\/www.bootshaus-gravel.de\/?page_id=101"},"modified":"2025-05-26T22:46:39","modified_gmt":"2025-05-26T20:46:39","slug":"agb","status":"publish","type":"page","link":"https:\/\/www.bootshaus-gravel.de\/index.php\/agb\/","title":{"rendered":"Teilnahmebedingungen (AGB)"},"content":{"rendered":"\n<p>\u00a7 1 ALLGEMEINES<\/p>\n\n\n\n<p>(1) Die vorliegenden Allgemeinen Gesch\u00e4ftsbedingungen (\u201eAGB\u201c) gelten im Hinblick auf s\u00e4mtliche von FC LeXXi e. V. (\u201eVeranstalter\u201c) durchgef\u00fchrten Radsportveranstaltungen (\u201eVeranstaltung\u201c), insbesondere des Bootshaus Gravel.\u202f<\/p>\n\n\n\n<p>(2) Mit ihrer Einbeziehung durch die Anmeldung \u00fcber die jeweilige Veranstaltungswebsite regeln die AGB das Vertragsverh\u00e4ltnis zwischen dem Vertragspartner und dem Veranstalter (\u201eTeilnahmevertrag\u201c). \u201eVertragspartner\u201c und damit Vertragspartner des Veranstalters und dem Veranstalter gegen\u00fcber forderungsberechtigt ist ausschlie\u00dflich derjenige, der die Veranstaltungsleistungen \u00fcber die jeweilige Anmeldeportal erwirbt; dies gilt ausdr\u00fccklich auch dann, wenn in den Veranstaltungsleistungen Teilnahmeberechtigungen oder sonstige Leistungen zugunsten von Dritten enthalten sind (im Folgenden auch \u201eTeilnehmer\u201c).\u202f<\/p>\n\n\n\n<p>(3) Der Vertragspartner erkennt an, dass zwingende Voraussetzung der Teilnahme an den Veranstaltungen des Veranstalters die Abgabe der f\u00fcr die jeweilige Veranstaltung geltenden und auf der jeweiligen Veranstaltungswebsite abrufbaren (unver\u00e4nderten) Haftungserkl\u00e4rung ist, inklusive des darin enthaltenen Anerkenntnisses des jeweils anwendbaren Reglements. Der Vertragspartner stellt sicher, dass dem Veranstalter von s\u00e4mtlichen Personen, f\u00fcr die der Vertragspartner mit dem Teilnahmevertrag Veranstaltungsleistungen erwirbt, bis sp\u00e4testens bei der Akkreditierung unterzeichnete Haftungserkl\u00e4rungen im Original vorliegen.\u202fPersonen, f\u00fcr die keine Haftungserkl\u00e4rung vorliegt, werden nicht zur Veranstaltung zugelassen, ohne dass dem Vertragspartner daraus Rechte erwachsen.\u202f<\/p>\n\n\n\n<p>(4) Der Vertragspartner garantiert, dass die von ihm im Rahmen der Anmeldung zu den Personen getroffenen Angaben korrekt und vollst\u00e4ndig sind und die betreffenden Personen teilnahmeberechtigt im Sinne des jeweiligen Reglements sind.\u202f<\/p>\n\n\n\n<p>\u00a7 2 VERANSTALTUNGSLEISTUNGEN<\/p>\n\n\n\n<p>(1) Durch die Anmeldung \u00fcber das Anmeldeportal, d.h. dem Abschluss des Teilnahmevertrages, erwirbt der Vertragspartner f\u00fcr s\u00e4mtliche im Anmeldeformular bezeichneten Personen das Recht zur Teilnahme an der Veranstaltung nach Ma\u00dfgabe der vorliegenden AGB.\u202f<\/p>\n\n\n\n<p>(2) Die Veranstaltungsleistungen sind auf der jeweiligen Veranstaltungsseite beschrieben. Nach Anmeldung \u00fcber das Anmeldeportal erh\u00e4lt der Vertragspartner eine Anmeldebest\u00e4tigung, in der nochmals s\u00e4mtliche gebuchte Veranstaltungsleistungen zusammengefasst sind.\u202f<\/p>\n\n\n\n<p>(3) Bei den Veranstaltungen handelt es sich um Open-Air-Veranstaltungen, die den tats\u00e4chlichen Gegebenheiten (Wettereinfl\u00fcsse etc.) vor Ort ausgesetzt sind. Der Vertragspartner erkennt an, dass die \u00f6rtlichen Gegebenheiten vom Veranstalter nicht immer zu beeinflussen sind, und der Veranstalter sich vorbeh\u00e4lt, aus berechtigten Gr\u00fcnden Anpassungen der Vertragsleistungen (z.B. Streckenf\u00fchrung) unter bestm\u00f6glicher Ber\u00fccksichtigung der Interessen der Teilnehmer vorzunehmen.\u202f<\/p>\n\n\n\n<p>(4) Der Teilnehmer muss gesund, in guter k\u00f6rperlicher Verfassung und daher in der Lage sein, an der Veranstaltung teilzunehmen. Daf\u00fcr ist der Teilnehmer selbst verantwortlich. Der Veranstalter \u00fcbernimmt keine Haftung f\u00fcr gesundheitliche Risiken der Teilnehmer. Der Teilnehmer erkl\u00e4rt mit der Anmeldung verbindlich, dass gegen seine Teilnahme keine gesundheitlichen Bedenken bestehen.<\/p>\n\n\n\n<p>(5) Der Teilnehmer ist damit einverstanden, dass er aus der Veranstaltung genommen wird, wenn er die vorgegebenen Zeitlimits (sofern relevant) \u00fcberschreitet, gegen das Reglement verst\u00f6\u00dft oder Gefahr l\u00e4uft, sich gesundheitlich zu sch\u00e4digen.<\/p>\n\n\n\n<p>(6) Eine Beleuchtungsanlage ist f\u00fcr das Bootshaus Ultra Gravel in den Nachtstunden zwingend erforderlich. Von Sonnenunter- bis Sonnenaufgang muss die Beleuchtungsanlage vorne und hinten einwandfrei funktionieren und in Betrieb sein. Unbeleuchtete Fahrr\u00e4der k\u00f6nnen bei Nacht angehalten und\/oder aus der Veranstaltung genommen werden.<\/p>\n\n\n\n<p>(7) Jeder Teilnehmer ist f\u00fcr die Verkehrssicherheit seines Fahrrads selbst verantwortlich. Insbesondere ist dabei auf die Funktionst\u00fcchtigkeit der Bremsen und anderer sicherheitsrelevanter Bauteile zu achten. Teilnehmer, deren Fahrrad offensichtlich nicht verkehrst\u00fcchtig ist, k\u00f6nnen von der Organisation jederzeit aus der Veranstaltung genommen werden.<\/p>\n\n\n\n<p>(8) Wildwechsel kann auch auf der Strecke nicht ausgeschlossen werden.<\/p>\n\n\n\n<p>(9) Helmpflicht besteht f\u00fcr alle. Der Helm muss das Siegel eines anerkannten Pr\u00fcfinstituts enthalten (z. B. DIN EN 1078 (CE), SNEL-Norm, ANSI-Norm o. \u00e4.). Fahren ohne Helm wird mit einer Strafe gem\u00e4\u00df \u00a712 geahndet. Dauerhaftes Fahren ohne Helm f\u00fchrt zum Ausschluss. Auf korrekten Sitz auf dem Kopf ist zu achten. Der Helm darf keine Besch\u00e4digungen aufweisen. Der Helm ben\u00f6tigt unbesch\u00e4digte, nicht dehnbare Halteriemen, die an mindestens drei Stellen mit der Schale verbunden und die mittels Sicherheitssystem (nicht Klett o. \u00e4.) schlie\u00dfbar sein m\u00fcssen.<\/p>\n\n\n\n<p>(4) Die Veranstaltungsleistungen sind nicht \u00fcbertragbar. Zur Teilnahme sind ausschlie\u00dflich die im Anmeldeformular bezeichneten Personen berechtigt. Ausgenommen ist das einmalige, kostenlose Ersetzen eines (1) Teilnehmers auf schriftlichen Antrag des Vertragspartners bis einen Monat vor Veranstaltungsbeginn.\u202f<\/p>\n\n\n\n<p>(5) Die Aush\u00e4ndigung der Veranstaltungsunterlagen erfolgt nur gegen Vorlage der Teilnahmebest\u00e4tigung (vgl. \u00a7 3 (5)), der unterschriebenen Haftungserkl\u00e4rung und seines Personalausweises\/Reisepasses. Sollte der Teilnehmer nicht in der Lage sein, die Veranstaltungsunterlagen pers\u00f6nlich abzuholen, k\u00f6nnen diese ausschlie\u00dflich an eine schriftlich bevollm\u00e4chtige Person \u00fcbergeben werden.<\/p>\n\n\n\n<p>&nbsp;(6) Ein Anspruch der Teilnehmer auf technische Serviceleistungen besteht nicht. Ersatzteile sowie umfangreichere Reparaturarbeiten m\u00fcssen die Teilnehmer gegebenenfalls nach der Veranstaltung selbst bezahlen. Vertrags- und Ansprechpartner ist ausschlie\u00dflich der betreffende zust\u00e4ndige Servicepartner.\u202f<\/p>\n\n\n\n<p>\u00a7 3 GEGENLEISTUNGEN -\u202fZAHLUNGSBEDINGUNGEN &#8211; ANMELDEBEST\u00c4TIGUNG<\/p>\n\n\n\n<p>(1) F\u00fcr die Veranstaltungsleistungen zahlt der Vertragspartner die im Rahmen der Anmeldung ausgewiesene Gegenleistung (\u201eTeilnahmegeb\u00fchr\u201c). Dies gilt ausdr\u00fccklich auch f\u00fcr Teilnahmegeb\u00fchren, die der Vertragspartner f\u00fcr die in der Anmeldung bezeichneten Dritten erwirbt (Teilnehmer).\u202f<\/p>\n\n\n\n<p>(2) Die Zahlung der Teilnahmegeb\u00fchr erfolgt per \u00dcberweisung auf das Konto des Veranstalters.<\/p>\n\n\n\n<p>(3) Die Teilnahmegeb\u00fchren sind in voller H\u00f6he innerhalb von zwei Wochen nach Erhalt der automatisch nach Abschluss der bei der Anmeldung generierten Anmeldebest\u00e4tigung zur Zahlung durch den Vertragspartner f\u00e4llig, sp\u00e4testens aber eine Woche vor dem Start des Events. Sollten die Teilnahmegeb\u00fchren des Vertragspartners (ganz oder teilweise) nicht fristgerecht auf dem Konto des Veranstalters eingehen, ist der Veranstalter \u2013 unbeschadet sonstiger Rechte \u2013 berechtigt, von dem Teilnahmevertrag zur\u00fcckzutreten.\u202f<\/p>\n\n\n\n<p>(5) Die\u202fAnmeldebest\u00e4tigung ist auf Nachfrage bei der Akkreditierung am Startort vorzulegen. Ansonsten kann der Veranstalter die Zulassung zur Veranstaltung ablehnen, ohne dass dem Vertragspartner daraus Rechte erwachsen.<\/p>\n\n\n\n<p>\u00a74 STORNO &#8211; R\u00dcCKERSTATTUNG<\/p>\n\n\n\n<p>(1) Eine Stornierung des Teilnahmevertrags ist nicht m\u00f6glich. Die Erstattung der Teilnahmegeb\u00fchr ist m\u00f6glich, falls der Teilnahmevertrag auf Dritte \u00fcbertragen werden kann. Hierbei wird zun\u00e4chst die Reihenfolge auf der Warteliste ber\u00fccksichtigt.\u202f<\/p>\n\n\n\n<p>\u00a7 5 ABSAGE ODER VERLEGUNG DER VERANSTALTUNG BEI H\u00d6HERER GEWALT<\/p>\n\n\n\n<p>(1) Bei Ausfall oder Abbruch der Veranstaltung oder einzelner Etappen aufgrund h\u00f6herer Gewalt (z.B. schlechtes Wetter) oder aus sonstigen Gr\u00fcnden, die der Veranstalter nicht zu vertreten hat, kann der Veranstalter von dem Teilnahmevertrag zur\u00fccktreten. Der Veranstalter erstattet bereits gezahlte Teilnahmegeb\u00fchren, haftet jedoch nicht f\u00fcr Sch\u00e4den oder Aufwendungen, die dem Vertragspartner bzw. den Teilnehmern aus diesem Grunde entstehen (z.B. Anreise- oder \u00dcbernachtungskosten).\u202fDie Anreise und \u00dcbernachtung erfolgen auf eigene Kosten und eigene Gefahr des Vertragspartners und der Teilnehmer.<\/p>\n\n\n\n<p>(2) Im Falle \u00f6rtlicher und\/oder zeitlicher Verlegung der Veranstaltung oder einzelner Streckenabschnitte aufgrund h\u00f6herer Gewalt (z.B. schlechtes Wetter) oder aus sonstigen Gr\u00fcnden, die der Veranstalter nicht zu vertreten hat, kann der Veranstalter ganz oder teilweise von dem Teilnahmevertrag zur\u00fccktreten. Der Veranstalter erstattet bereits gezahlte Teilnahmegeb\u00fchren (ggf. anteilig), haftet jedoch nicht f\u00fcr Sch\u00e4den oder Aufwendungen, die dem Vertragspartner bzw. den Teilnehmern aus diesem Grunde entstehen (z.B. Anreise- oder \u00dcbernachtungskosten).\u202fDie Anreise und \u00dcbernachtung erfolgen auf eigene Kosten und eigene Gefahr des Vertragspartners und der Teilnehmer.<\/p>\n\n\n\n<p>(3) Bei \u00f6rtlicher und\/oder zeitlicher Verlegung ist der Vertragspartner bzw. sind die Teilnehmer zur Teilnahme an der neu festgelegten Veranstaltung berechtigt.<\/p>\n\n\n\n<p>\u00a7 6 ABSAGE ODER VERLEGUNG DER VERANSTALTUNG BEI NICHTERREICHEN DER MINDESTANZAHL VON TEILNEHMERN<\/p>\n\n\n\n<p>(1) Der Veranstalter kann von dem Teilnahmevertrag auch dann zur\u00fccktreten, wenn sich f\u00fcr die Veranstaltung nicht die erforderliche Mindestanzahl von 100 Teilnehmern angemeldet hat. In diesem Fall wird der Veranstalter den Vertragspartner sp\u00e4testens einen (1) Monate vor dem geplanten Datum der Veranstaltung \u00fcber die Absage informieren und den R\u00fccktritt erkl\u00e4ren.<\/p>\n\n\n\n<p>(2) Der Veranstalter erstattet bereits gezahlte Teilnahmegeb\u00fchren, haftet jedoch nicht f\u00fcr Sch\u00e4den oder Aufwendungen, die dem Vertragspartner oder den Teilnehmern aus diesem Grunde entstehen (z.B. Anreise- oder \u00dcbernachtungskosten).\u202fDie Anreise und \u00dcbernachtung erfolgen auf eigene Kosten und eigene Gefahr des Vertragspartners und der Teilnehmer.<\/p>\n\n\n\n<p>\u00a7 7 DATENERHEBUNG UND -VERWERTUNG<\/p>\n\n\n\n<p>Der sorgf\u00e4ltige Umgang mit pers\u00f6nlichen Informationen ist dem Veranstalter sehr wichtig. Bei der Verarbeitung der personenbezogenen Daten der Teilnehmer h\u00e4lt sich der Veranstalter an die gesetzlichen Bestimmungen und sch\u00fctzt die Pers\u00f6nlichkeit und die Privatsph\u00e4re der Teilnehmer. Bei der Registrierung und Nutzung der vom Veranstalter angebotenen Dienste k\u00f6nnen personenbezogenen Daten erhoben, verarbeitet oder genutzt werden. Im Folgenden soll der Vertragspartner \u00fcber den Umgang mit seinen Daten informiert werden. Der Vertragspartner kann dieses Dokument ausdrucken oder speichern, indem er die \u00fcbliche Funktionalit\u00e4t seines Browsers (meist Datei \/ Speichern unter) nutzt.\u202f<\/p>\n\n\n\n<p>(1) Allgemeines\u202f<\/p>\n\n\n\n<p>Verantwortliche Stelle<\/p>\n\n\n\n<p>Verantwortliche Stelle f\u00fcr die Erhebung, Verarbeitung und Nutzung Ihrer personenbezogenen Daten im Sinne des \u00a7 3 Bundesdatenschutzgesetz ist der FC LeXXi e. V., Am Sch\u00e4nzjeskriemer 31, D-50354 H\u00fcrth.<\/p>\n\n\n\n<p>2. Widerspruchsm\u00f6glichkeit\u202f<\/p>\n\n\n\n<p>(1) Sofern ein Teilnehmer der Erhebung, Verarbeitung oder Nutzung seiner Daten durch den Veranstalter nach Ma\u00dfgabe dieser Datenschutzbestimmung insgesamt oder f\u00fcr einzelne Ma\u00dfnahmen widersprechen will, kann er seinen Widerspruch per E-Mail oder Brief an folgende Kontaktdaten senden: kontakt@bootshaus-gravel.de<\/p>\n\n\n\n<p>(2) Erhebung, Verarbeitung und Nutzung personenbezogener Daten\u202f<\/p>\n\n\n\n<p>Im Rahmen des Anmeldeprozesses und bei der Nutzung der Webseite kann eine Erhebung, Verarbeitung und Nutzung von personenbezogenen Daten erfolgen.\u202f<\/p>\n\n\n\n<p>3. Personenbezogene Daten\u202f<\/p>\n\n\n\n<p>(1) Personenbezogene Daten sind Angaben \u00fcber sachliche oder pers\u00f6nliche Verh\u00e4ltnisse einer bestimmten oder bestimmbaren nat\u00fcrlichen Person. Hierunter fallen vor allem Angaben, die R\u00fcckschl\u00fcsse auf die Identit\u00e4t der Teilnehmer erm\u00f6glichen, beispielsweise ihre Namen, ihre Telefonnummern, ihre Anschriften oder E-Mail-Adressen. Statistische Daten, die der Veranstalter beispielsweise bei einem Besuch seiner Webseite erhebt und die nicht direkt mit der Person des Vertragspartners in Verbindung gebracht werden k\u00f6nnen, fallen nicht unter den Begriff der personenbezogenen Daten.\u202f<\/p>\n\n\n\n<p>4. Erhebung, Verarbeitung und Nutzung Ihrer personenbezogenen Daten\u202f<\/p>\n\n\n\n<p>(1) Der Schutz Ihrer Daten ist ein zentrales Anliegen des Veranstalters. Die personenbezogenen Daten der Teilnehmer werden an Dritte nur weitergegeben oder sonst \u00fcbermittelt, wenn dies zum Zweck der Vertragsabwicklung oder Abrechnung erforderlich ist oder Sie zuvor eingewilligt haben. Die so weitergegebenen Daten d\u00fcrfen von unseren Dienstleistern lediglich zur Erf\u00fcllung ihrer Aufgabe verwendet werden. Eine anderweitige Nutzung der Informationen ist nicht gestattet und erfolgt auch bei keinem der von uns betrauten Dienstleister.\u202f<\/p>\n\n\n\n<p>(1)Anmeldung\u202f<\/p>\n\n\n\n<p>Die bei Anmeldung vom Vertragspartner angegebenen personenbezogenen Daten werden gespeichert und nur zu Zwecken der Durchf\u00fchrung und Abwicklung der Veranstaltung verarbeitet. Dies gilt insbesondere f\u00fcr die zur Feststellung der Identit\u00e4t, zur Zahlungsabwicklung oder zwecks medizinischer Betreuung der Teilnehmer notwendigen Daten (\u00a7 28 BundesdatenschutzG). Mit der Anmeldung willigt der Vertragspartner einer Speicherung der Daten zu diesem Zweck ein. Der Vertragspartner erkl\u00e4rt sich dar\u00fcber hinaus mit der Verwendung der erhobenen personenbezogenen Daten f\u00fcr interne Marktforschungszwecke des Veranstalters einverstanden.\u202f<\/p>\n\n\n\n<p>(2) Weitergabe von Daten an Dritte\u202f<\/p>\n\n\n\n<p>Eine Weitergabe der vom Veranstalter erhobenen Daten an Dritte erfolgt nur soweit dies im Rahmen des Vertragsschlusses bzw. der Vertragsabwicklung zwischen den Vertragsparteien erforderlich und gesetzlich zul\u00e4ssig ist oder der Vertragspartner in eine \u00dcbermittlung ausdr\u00fccklich eingewilligt hat. Im \u00dcbrigen werden die Daten des Vertragspartners nicht an Dritte weitergegeben.\u202f<\/p>\n\n\n\n<p>L\u00f6schung von Daten\u202f<\/p>\n\n\n\n<p>Eine L\u00f6schung der personenbezogenen Daten der Teilnehmer erfolgt, wenn sie einen L\u00f6schungsanspruch geltend gemacht hat und gesetzliche Aufbewahrungspflichten dem nicht entgegenstehen sowie, wenn die Daten zur Erf\u00fcllung des mit der Speicherung verfolgten Zwecks nicht mehr erforderlich sind oder wenn ihre Speicherung aus sonstigen gesetzlichen Gr\u00fcnden unzul\u00e4ssig ist.<\/p>\n\n\n\n<p>Zustimmung der Teilnehmer zur Datenerhebung\/-verwertung und Freistellung\u202f<\/p>\n\n\n\n<p>Der Vertragspartner sichert zu, s\u00e4mtliche von ihm angemeldeten Personen \u00fcber die Regelungen dieses \u00a7 6 informiert zu haben und dass diese dem Vorstehenden zugestimmt haben. Der Vertragspartner stellt den Veranstalter auf erstes Anfordern von s\u00e4mtlichen Anspr\u00fcchen der von ihm angemeldeten Personen aufgrund des Vorstehenden frei und tr\u00e4gt s\u00e4mtliche insoweit anfallenden Kosten (inklusive Kosten der Rechtsverteidigung).\u202f<\/p>\n\n\n\n<p>5. Foto- und Filmaufnahmen<\/p>\n\n\n\n<p>Im Rahmen der Veranstaltung werden durch den Veranstalter oder durch von ihm beauftragte Dritte Foto- und Filmaufnahmen erstellt. Diese Aufnahmen k\u00f6nnen die Teilnehmerinnen sowie Zuschauerinnen in erkennbarer Weise zeigen. Mit der Teilnahme an der Veranstaltung erkl\u00e4ren sich die Teilnehmerinnen damit einverstanden, dass die im Rahmen der Veranstaltung angefertigten Foto- und Filmaufnahmen zeitlich, r\u00e4umlich und inhaltlich unbeschr\u00e4nkt f\u00fcr Zwecke der \u00d6ffentlichkeitsarbeit und Berichterstattung \u00fcber die Veranstaltung verwendet werden d\u00fcrfen. Dies umfasst insbesondere die Ver\u00f6ffentlichung auf den eigenen Kommunikationskan\u00e4len des Veranstalters (z.\u202fB. Website, Social Media) sowie die Weitergabe an Dritte, wie z.\u202fB. Pressevertreter:innen, zur Berichterstattung. Sollte eine Person mit der Ver\u00f6ffentlichung bestimmter Aufnahmen nicht einverstanden sein, bitten wir um eine entsprechende Mitteilung an den Veranstalter. Soweit m\u00f6glich, werden entsprechende Inhalte entfernt oder unkenntlich gemacht.<\/p>\n\n\n\n<p>\u00a7 8 HAFTUNG DES VERANSTALTERS<\/p>\n\n\n\n<p>(1) Die Haftung des Veranstalters ist wie folgt begrenzt:\u202f<\/p>\n\n\n\n<p>Die Haftung des Veranstalters f\u00fcr Sch\u00e4den aus der Verletzung des Lebens, des K\u00f6rpers oder der Gesundheit, die auf einer fahrl\u00e4ssigen oder vors\u00e4tzlichen Pflichtverletzung des Veranstalters oder eines gesetzlichen Vertreters oder Erf\u00fcllungsgehilfen des Veranstalters beruht, ist dem Grunde und der H\u00f6he nach unbegrenzt.\u202f<\/p>\n\n\n\n<p>F\u00fcr sonstige Sch\u00e4den, die auf einer vors\u00e4tzlichen oder grob fahrl\u00e4ssigen Pflichtverletzung des Veranstalters oder eines gesetzlichen Vertreters oder Erf\u00fcllungsgehilfen des Veranstalters beruhen, haftet der Veranstalter ebenfalls dem Grunde und der H\u00f6he nach unbegrenzt.\u202f<\/p>\n\n\n\n<p>F\u00fcr Sch\u00e4den, die nicht vorstehend unter Nr. 1. oder 2. erfasst sind und auf einer fahrl\u00e4ssigen Pflichtverletzung des Veranstalters oder eines gesetzlichen Vertreters oder Erf\u00fcllungsgehilfen beruhen, haftet der Veranstalter nicht, es sei denn, es handelt sich um Sch\u00e4den aus der Verletzung von Kardinalpflichten. Die Haftung f\u00fcr Sch\u00e4den aus der Verletzung von Kardinalpflichten ist jedoch h\u00f6henm\u00e4\u00dfig beschr\u00e4nkt auf den Ersatz des bei Vertragsschluss vorhersehbaren und vertragstypischen Schadens. \u201eKardinalpflichten\u201c sind solche, deren Erf\u00fcllung die ordnungsgem\u00e4\u00dfe Durchf\u00fchrung des Vertrags \u00fcberhaupt erst erm\u00f6glicht und auf deren Einhaltung ich regelm\u00e4\u00dfig vertrauen darf.\u202f<\/p>\n\n\n\n<p>(2) Der Vertragspartner wird hiermit nochmals ausdr\u00fccklich darauf hingewiesen, dass der Veranstalter und\/oder seine gesetzlichen Vertreter oder Erf\u00fcllungsgehilfen nicht f\u00fcr Sch\u00e4den haften, die nicht von ihnen zu vertreten sind. Dies gilt beispielsweise f\u00fcr Sch\u00e4den, die durch Fehlverhalten\/Fahrfehler anderer Fahrer verursacht werden, sowie f\u00fcr den Fall, dass der Vertragspartner aufgrund gesetzlicher Vorschriften und\/oder beh\u00f6rdlicher Anordnungen an einer Teilnahme ganz oder teilweise gehindert ist.\u202f<\/p>\n\n\n\n<p>(3) Die vorliegende Haftungsbegrenzung gilt ausdr\u00fccklich auch f\u00fcr verloren gegangene Wertgegenst\u00e4nde, Bekleidungsst\u00fccke und Ausr\u00fcstungsgegenst\u00e4nde und Sch\u00e4den an den Fahrr\u00e4dern, die w\u00e4hrend der Veranstaltung entstehen.\u202f<\/p>\n\n\n\n<p>(4) Die Haftung des Veranstalters f\u00fcr vertraglich \u00fcbernommene Garantien und gesetzlich vorgesehene verschuldensunabh\u00e4ngige Haftung bleibt von den vorstehenden Haftungsbegrenzungen\/-ausschl\u00fcssen unber\u00fchrt.<\/p>\n\n\n\n<p>\u00a7 9 HAFTUNG DES VERTRAGSPARTNERS UND FREISTELLUNG<\/p>\n\n\n\n<p>(1) Der Vertragspartner wird hiermit nochmals ausdr\u00fccklich darauf hingewiesen, dass er f\u00fcr Sch\u00e4den des Veranstalters oder Dritter (z.B. anderer Fahrer), dem jeweils Gesch\u00e4digten gegen\u00fcber uneingeschr\u00e4nkt haftet, soweit der Vertragspartner diese zu vertreten hat, d.h. dem Vertragspartner Vorsatz oder Fahrl\u00e4ssigkeit zur Last f\u00e4llt.\u202fDer Veranstalter empfiehlt den Abschluss einer Privathaftpflichtversicherung f\u00fcr diese Art von Veranstaltung.<\/p>\n\n\n\n<p>(2) Der Vertragspartner verpflichtet sich hiermit, den Veranstalter und\/oder die vom Veranstalter beauftragten Dritten (\u201eFreistellungsberechtigte\u201c) von s\u00e4mtlichen Sch\u00e4den, Aufwendungen und\/oder Kosten vollumf\u00e4nglich und auf erstes Anfordern freizustellen, die Dritte gegen den jeweils Freistellungsberechtigten im Zusammenhang mit den vom Vertragspartner verursachten Sch\u00e4den geltend machen und s\u00e4mtliche in diesem Zusammenhang anfallenden Kosten (inklusive Rechtsverteidigung) zu tragen.<\/p>\n\n\n\n<p>\u00a7 10 SONSTIGES<\/p>\n\n\n\n<p>(1) M\u00fcndliche Nebenabreden hierzu bestehen nicht. Erg\u00e4nzungen und Ab\u00e4nderungen zum Teilnahmevertrag bed\u00fcrfen zu ihrer G\u00fcltigkeit der Schriftform (E-Mail ausgeschlossen). Gleiches gilt f\u00fcr den Verzicht oder die \u00c4nderung der vorstehend beschriebenen Form. Der Vorrang der Individualabrede bleibt unber\u00fchrt.\u202f<\/p>\n\n\n\n<p>(2) Sollten einzelne Bestimmungen des Teilnahmevertrages unwirksam sein oder werden oder sollte eine regelungsbed\u00fcrftige L\u00fccke bestehen, hat der Teilnahmevertrag im \u00fcbrigen Bestand. Die Parteien werden nach Treu und Glauben Verhandlungen dar\u00fcberf\u00fchren, anstelle der unwirksamen oder fehlenden, diejenige wirksame Bestimmung zu vereinbaren, die dem dokumentierten Parteiwillen wirtschaftlich am n\u00e4chsten kommt.\u202f<\/p>\n\n\n\n<p>(3) Diese Vereinbarung unterliegt deutschem Recht; soweit das Recht des Staates des Vertragspartners, in dem dieser seinen gew\u00f6hnlichen Aufenthalt hat (\u201eHeimatrecht\u201c), zwingende Verbraucherschutzvorschriften vorsieht, gelten diese anstelle der deutschen gesetzlichen Vorschriften. \u202f<\/p>\n\n\n\n<p><\/p>\n","protected":false},"excerpt":{"rendered":"<p>\u00a7 1 ALLGEMEINES (1) Die vorliegenden Allgemeinen Gesch\u00e4ftsbedingungen (\u201eAGB\u201c) gelten im Hinblick auf s\u00e4mtliche von FC LeXXi e. V. (\u201eVeranstalter\u201c) durchgef\u00fchrten Radsportveranstaltungen (\u201eVeranstaltung\u201c), insbesondere des Bootshaus Gravel.\u202f (2) Mit ihrer Einbeziehung durch die Anmeldung \u00fcber die jeweilige Veranstaltungswebsite regeln die AGB das Vertragsverh\u00e4ltnis zwischen dem Vertragspartner und dem Veranstalter (\u201eTeilnahmevertrag\u201c). \u201eVertragspartner\u201c und damit Vertragspartner des &hellip; <\/p>\n<p class=\"link-more\"><a href=\"https:\/\/www.bootshaus-gravel.de\/index.php\/agb\/\" class=\"more-link\"><span class=\"screen-reader-text\">\u201eTeilnahmebedingungen (AGB)\u201c <\/span>weiterlesen<\/a><\/p>\n","protected":false},"author":1,"featured_media":0,"parent":0,"menu_order":0,"comment_status":"closed","ping_status":"closed","template":"","meta":{"footnotes":""},"class_list":["post-101","page","type-page","status-publish","hentry"],"_links":{"self":[{"href":"https:\/\/www.bootshaus-gravel.de\/index.php\/wp-json\/wp\/v2\/pages\/101","targetHints":{"allow":["GET"]}}],"collection":[{"href":"https:\/\/www.bootshaus-gravel.de\/index.php\/wp-json\/wp\/v2\/pages"}],"about":[{"href":"https:\/\/www.bootshaus-gravel.de\/index.php\/wp-json\/wp\/v2\/types\/page"}],"author":[{"embeddable":true,"href":"https:\/\/www.bootshaus-gravel.de\/index.php\/wp-json\/wp\/v2\/users\/1"}],"replies":[{"embeddable":true,"href":"https:\/\/www.bootshaus-gravel.de\/index.php\/wp-json\/wp\/v2\/comments?post=101"}],"version-history":[{"count":4,"href":"https:\/\/www.bootshaus-gravel.de\/index.php\/wp-json\/wp\/v2\/pages\/101\/revisions"}],"predecessor-version":[{"id":114,"href":"https:\/\/www.bootshaus-gravel.de\/index.php\/wp-json\/wp\/v2\/pages\/101\/revisions\/114"}],"wp:attachment":[{"href":"https:\/\/www.bootshaus-gravel.de\/index.php\/wp-json\/wp\/v2\/media?parent=101"}],"curies":[{"name":"wp","href":"https:\/\/api.w.org\/{rel}","templated":true}]}}