{"id":128,"date":"2025-05-29T10:30:59","date_gmt":"2025-05-29T08:30:59","guid":{"rendered":"https:\/\/www.bootshaus-gravel.de\/?page_id=128"},"modified":"2025-05-29T10:30:59","modified_gmt":"2025-05-29T08:30:59","slug":"faq","status":"publish","type":"page","link":"https:\/\/www.bootshaus-gravel.de\/index.php\/faq\/","title":{"rendered":"FAQ"},"content":{"rendered":"\n<p><strong>Fragen und Antworten zum Bootshaus Gravel Bonn<\/strong><\/p>\n\n\n\n<p class=\"has-background\" style=\"background-color:#3ab6b0\">Handelt es sich bei Bootshaus Gravel Bonn um ein Gravelbike-Rennen?<\/p>\n\n\n\n<p>Nein, du hast beim Bootshaus Gravel die Wahl aus Gravel Rides \u00fcber verschiedene Distanzen. Wenn du magst, kannst du dich auch f\u00fcr einen gef\u00fchrten Ride anmelden. Oder f\u00fcr den Bootshaus Gravel Ultra \u00fcber 400 Kilometer. Doch ganz gleich f\u00fcr welche Strecke du dich entscheidest: Es gibt keinen Startschuss, keine Zeitnahme, keine Siegerehrung und auch keine Preise. Zumindest nicht f\u00fcr die schnellsten Teilnehmer:innen des Events. \ud83d\ude09<\/p>\n\n\n\n<p class=\"has-background\" style=\"background-color:#3ab6b0\">Kann ich mich unmittelbar vor oder w\u00e4hrend des Rides f\u00fcr einen Wechsel der Distanz entscheiden?<\/p>\n\n\n\n<p>Auch wenn du bei der Anmeldung die gew\u00fcnschte Distanz angeben musst, kannst du dich bis zum Start eigenst\u00e4ndig f\u00fcr einen Wechsel zwischen 60 und 100 Kilometer Ride entscheiden. Sp\u00e4testens auf der F\u00e4hre solltest du deine Entscheidung treffen, denn ab der Ankunft der F\u00e4hre in Bad Godesberg trennen sich die beiden Strecken.<\/p>\n\n\n\n<p class=\"has-background\" style=\"background-color:#3ab6b0\">Wof\u00fchr bezahle ich beim Bootshaus Gravel Bonn?<\/p>\n\n\n\n<p>Es handelt sich um ein ehrenamtlich organisiertes Event, an dem du zum <strong>Selbstkostenpreis <\/strong>teilnehmen kannst. Die Meldegeb\u00fchr setzt sich etwa aus Kosten f\u00fcr die Miete der Location und administrative Kosten zusammen. Zudem sind F\u00e4hrfahrten, ein kleines Fr\u00fchst\u00fcck, Verpflegung unterwegs und ein Essen und ein Getr\u00e4nk nach Abschluss des Rides im Preis enthalten. Beim Gravel Ultra ist zudem der Mietpreis f\u00fcr den GPS-Tracker einkalkuliert. Dazu gibt&#8217;s beim Bootshaus Gravel Ride 60, Gravel Ride 100 und Gravel Ultra einen prall gef\u00fcllten Starterbeutel.<\/p>\n\n\n\n<p class=\"has-background\" style=\"background-color:#3ab6b0\">Darf ich nur mit einem Gravelbike teilnehmen?<\/p>\n\n\n\n<p>Nein, du kannst prinzipiell mit jeder Art von Fahrrad teilnehmen, solange es sicher ist und du es dir zutraust. Mehr Infos zur Wahl des Fahrrads, dem passenden Setup und der Ausr\u00fcstung <a href=\"https:\/\/www.bootshaus-gravel.de\/index.php\/bike-setup\/\" data-type=\"page\" data-id=\"94\">bekommst du hier<\/a>.<\/p>\n\n\n\n<p class=\"has-background\" style=\"background-color:#3ab6b0\">Kann ich mein Gep\u00e4ck w\u00e4hrend des Rides im Bootshaus lagern?<\/p>\n\n\n\n<p>Ja, du kannst uns den mit deinem Namen beschrifteten Starterbeutel w\u00e4hrend des Rides anvertrauen. Alternativ nehmen wir auch deinen markierten Rucksack oder eine kleine Tasche an. Fahrradkartons, Koffer und gro\u00dfe Rucks\u00e4cke k\u00f6nnen wir nur bedingt lagern, <a href=\"mailto:kontakt@bootshaus-gravel.de\">bitte anfragen<\/a>. Die Aufbewahrung erfolgt auf eigenes Risiko.<\/p>\n\n\n\n<p class=\"has-background\" style=\"background-color:#3ab6b0\">Wie komme ich zum Start nach Bonn?<\/p>\n\n\n\n<p><a href=\"https:\/\/www.bootshaus-gravel.de\/index.php\/beispiel-seite\/\" data-type=\"page\" data-id=\"2\">Infos zu Anreise und Unterkunft findest du hier.<\/a><\/p>\n\n\n\n<p class=\"has-background\" style=\"background-color:#3ab6b0\">Wie verhalte ich mich bei einem Defekt oder einem Unfall w\u00e4hrend des Rides?<\/p>\n\n\n\n<p>Beim Bootshaus Gravel Bonn handelt es sich um ein Event ohne Support seitens der Veranstalter auf der Strecke. Au\u00dferhalb des Start- und Zielbereichs am Bootshaus sowie an dem Verpflegungsstopp in Altenahr bist du also auf dich gestellt. Entsprechend solltest du das <a href=\"https:\/\/www.bootshaus-gravel.de\/index.php\/bike-setup\/\" data-type=\"page\" data-id=\"94\">notwendige Werkzeug sowie Ersatzteile f\u00fcr kleine Reparaturen<\/a> mit dir f\u00fchren. Nat\u00fcrlich darfst du aber auch Hilfe von Dritten annehmen, also zum Beispiel von anderen Teilnehmenden des Rides. Bei einem gr\u00f6\u00dferen Defekt, der deine Weiterfahrt verhindert, bist du f\u00fcr deinen R\u00fccktransport verantwortlich. Am Bootshaus hilft dir im Zweifel auch das Team von unserem Partner <strong><a href=\"https:\/\/www.bootshaus-gravel.de\/index.php\/die-location\/\" data-type=\"page\" data-id=\"54\">Radladen Hoenig<\/a><\/strong> bei kleinen Problemen weiter. Solltest du einen schwereren Unfall beobachten oder selbst darin verwickelt sein, musst du im Zweifel den <strong>Notruf 112 <\/strong>w\u00e4hlen.<\/p>\n\n\n\n<p class=\"has-background\" style=\"background-color:#3ab6b0\">Sind die Strecken ausgeschildert?<\/p>\n\n\n\n<p>Nein, die Strecken sind nicht ausgeschildert. Du erh\u00e4ltst von uns einige Tage vor dem Start den GPS-Track f\u00fcr deinen Radcomputer oder dein Handy.<\/p>\n\n\n\n<p class=\"has-background\" style=\"background-color:#3ab6b0\">Mit welchem Wetter kann ich beim Bootshaus Gravel Bonn rechnen?<\/p>\n\n\n\n<p>Das Event findet im <strong>Hochsommer <\/strong>statt, entsprechend kannst du dich auf durchaus hohe Temperaturen, viel Sonne und trockene Strecken einstellen. Versprechen k\u00f6nnen wir das aber nat\u00fcrlich nicht. Speziell die Eifel ist f\u00fcr ihre Wetterkapriolen und das ber\u00fchmte Eifelwetter bekannt. Sollte Regen vor oder w\u00e4hrend des Rides drohen, empfehlen wir dir auf jeden Fall eine <strong>Regenjacke <\/strong>f\u00fcr dich und einen <strong><a href=\"https:\/\/www.bootshaus-gravel.de\/index.php\/die-location\/\" data-type=\"page\" data-id=\"54\">Ass Saver <\/a><\/strong>f\u00fcr dein Gravelbike. Aber wahrscheinlich brauchst du eher <strong>Sonnencreme <\/strong>auf der Haut und viel Wasser in den Trinkflaschen, als eine Regenjacke.<\/p>\n\n\n\n<p class=\"has-background\" style=\"background-color:#3ab6b0\">Darf ich nach dem Ride zur Erfrischung in den Rhein springen?<\/p>\n\n\n\n<p>Besser nicht. Zwar ist das Baden im Rhein an dieser Stelle nicht grunds\u00e4tzlich verboten, es wird allerdings dringend davon abgeraten. Denn das <strong>Schwimmen im Rhein ist sehr gef\u00e4hrlich<\/strong>. Weitere Informationen dazu gibt es auf der <a href=\"https:\/\/bonn.dlrg.de\/informationen\/baden-im-rhein\/\" target=\"_blank\" rel=\"noreferrer noopener\">Website der DLRG Bonn.<\/a><\/p>\n\n\n\n<p class=\"has-background\" style=\"background-color:#3ab6b0\">Habt ihr Waschm\u00f6glichkeiten f\u00fcr mich und mein Gravelbike?<\/p>\n\n\n\n<p>Du kannst nach dem Ride die <strong>Duschen im Bootshaus<\/strong> nutzen. F\u00fcr dein Gravelbike haben wir leider keinen Waschplatz.<\/p>\n\n\n\n<p class=\"has-background\" style=\"background-color:#3ab6b0\">Gibt es einen Fahrplan f\u00fcr die F\u00e4hre \u00fcber den Rhein?<\/p>\n\n\n\n<p>Die <strong><a href=\"https:\/\/rheinfaehre-godesberg.de\/\" target=\"_blank\" rel=\"noreferrer noopener\">Rheinf\u00e4hre Bad Godesberg &#8211; Niederdollendorf <\/a><\/strong>f\u00e4hrt im Sommer am Wochenende von 8:00 bis 21:00 Uhr, die \u00dcberfahrt dauert etwa f\u00fcnf Minuten. Selbst wenn du ganz viel Pech hast und dir die F\u00e4hre vor dem Vorderrad wegf\u00e4hrt, musst du also h\u00f6chstens etwa zehn Minuten warten.<\/p>\n\n\n\n<p class=\"has-background\" style=\"background-color:#3ab6b0\">D\u00fcrfen Kinder und Jugendliche an den Rides teilnehmen?<\/p>\n\n\n\n<p>Jugendliche ab 16 Jahren d\u00fcrfen in Begleitung eines erwachsen Teilnehmenden am Gravel Ride 100 teilnehmen. Jugendliche ab 14 Jahren d\u00fcrfen in Begleitung eines erwachsenden Teilnehmenden am Gravel Ride 60 teilnehmen. Der Gravel Ride 30 steht auch j\u00fcngeren Kindern und Jugendlichen offen. Unsere Empfehlung ist hier ein Mindestalter von zw\u00f6lf Jahren.<\/p>\n\n\n\n<p class=\"has-background\" style=\"background-color:#3ab6b0\">Kann ich mich bei Krankheit oder schlechtem Wetter vom Ride abmelden?<\/p>\n\n\n\n<p>Da eine Erstattung der Teilnahmegeb\u00fchr nicht m\u00f6glich ist, musst du dich auch nicht abmelden. Du kannst deinen Startplatz allerdings f\u00fcr etwaige Nachr\u00fcckende von der Warteliste freigeben, wenn du uns<a href=\"mailto:kontakt@bootshaus-gravel.de\"> rechtzeitig per E-Mail dar\u00fcber informierst<\/a>.<\/p>\n","protected":false},"excerpt":{"rendered":"<p>Fragen und Antworten zum Bootshaus Gravel Bonn Handelt es sich bei Bootshaus Gravel Bonn um ein Gravelbike-Rennen? Nein, du hast beim Bootshaus Gravel die Wahl aus Gravel Rides \u00fcber verschiedene Distanzen. Wenn du magst, kannst du dich auch f\u00fcr einen gef\u00fchrten Ride anmelden. Oder f\u00fcr den Bootshaus Gravel Ultra \u00fcber 400 Kilometer. Doch ganz gleich &hellip; <\/p>\n<p class=\"link-more\"><a href=\"https:\/\/www.bootshaus-gravel.de\/index.php\/faq\/\" class=\"more-link\"><span class=\"screen-reader-text\">\u201eFAQ\u201c <\/span>weiterlesen<\/a><\/p>\n","protected":false},"author":1,"featured_media":0,"parent":0,"menu_order":0,"comment_status":"closed","ping_status":"closed","template":"","meta":{"footnotes":""},"class_list":["post-128","page","type-page","status-publish","hentry"],"_links":{"self":[{"href":"https:\/\/www.bootshaus-gravel.de\/index.php\/wp-json\/wp\/v2\/pages\/128","targetHints":{"allow":["GET"]}}],"collection":[{"href":"https:\/\/www.bootshaus-gravel.de\/index.php\/wp-json\/wp\/v2\/pages"}],"about":[{"href":"https:\/\/www.bootshaus-gravel.de\/index.php\/wp-json\/wp\/v2\/types\/page"}],"author":[{"embeddable":true,"href":"https:\/\/www.bootshaus-gravel.de\/index.php\/wp-json\/wp\/v2\/users\/1"}],"replies":[{"embeddable":true,"href":"https:\/\/www.bootshaus-gravel.de\/index.php\/wp-json\/wp\/v2\/comments?post=128"}],"version-history":[{"count":1,"href":"https:\/\/www.bootshaus-gravel.de\/index.php\/wp-json\/wp\/v2\/pages\/128\/revisions"}],"predecessor-version":[{"id":129,"href":"https:\/\/www.bootshaus-gravel.de\/index.php\/wp-json\/wp\/v2\/pages\/128\/revisions\/129"}],"wp:attachment":[{"href":"https:\/\/www.bootshaus-gravel.de\/index.php\/wp-json\/wp\/v2\/media?parent=128"}],"curies":[{"name":"wp","href":"https:\/\/api.w.org\/{rel}","templated":true}]}}