{"id":147,"date":"2025-08-26T09:01:39","date_gmt":"2025-08-26T07:01:39","guid":{"rendered":"https:\/\/www.bootshaus-gravel.de\/?page_id=147"},"modified":"2026-03-04T07:55:49","modified_gmt":"2026-03-04T06:55:49","slug":"bootshaus-gravel-ultra","status":"publish","type":"page","link":"https:\/\/www.bootshaus-gravel.de\/index.php\/bootshaus-gravel-ultra\/","title":{"rendered":"Bootshaus Gravel Ultra: 11. September 2026"},"content":{"rendered":"\n<p class=\"has-background has-medium-font-size\" style=\"background-color:#3ab6b0\"><strong>400 Kilometer, 6800 H\u00f6henmeter<\/strong><\/p>\n\n\n\n<p>Die ultimative <strong>Herausforderung<\/strong>. F\u00fcr die Ausgabe 2025 haben wir unseren Gravel Ride erstmals mit einer richtigen <strong>Langstrecke <\/strong>garniert. Nur neun Fahrer haben die fast 400 Kilometer lange Strecke gemeistert. Am 11. September 2026 geht der Bootshaus Gravel Ultra in die zweite Runde. Dabei gilt es im <strong>Selbstversorgungsmodus <\/strong>auf vorgegebener Strecke eine Reihe von Checkpoints quer durch die Eifel abzufahren. Wir sind gespannt, wer von euch sich diesmal der Herausforderung stellt.<\/p>\n\n\n\n<p class=\"has-vivid-red-color has-text-color has-link-color wp-elements-7a33a39f3d46b257718b4f35625a080b\"><strong>Die Anmeldung ist geschlossen, alle Pl\u00e4tze sind vergeben. Aber hier kannst du dich zur Warteliste eintragen. Wer wei\u00df, vielleicht wird ja noch ein Platz frei.<\/strong><\/p>\n\n\n\n<div class=\"wp-block-buttons is-content-justification-center is-layout-flex wp-container-core-buttons-is-layout-16018d1d wp-block-buttons-is-layout-flex\">\n<div class=\"wp-block-button\"><a class=\"wp-block-button__link has-background wp-element-button\" href=\"https:\/\/docs.google.com\/forms\/d\/e\/1FAIpQLSeainAMh8H7DmGVrpBhpjhAbOmkYBxniNA1i1gFARBybMfs2Q\/viewform?usp=dialog\" style=\"background-color:#3ab6b0\">Zur Warteliste<\/a><\/div>\n<\/div>\n\n\n\n<hr class=\"wp-block-separator has-alpha-channel-opacity\"\/>\n\n\n\n<figure class=\"wp-block-image size-full\"><img loading=\"lazy\" decoding=\"async\" width=\"768\" height=\"432\" src=\"https:\/\/www.bootshaus-gravel.de\/wp-content\/uploads\/2025\/10\/DSC07155.jpg\" alt=\"Franc Cherubini beim Bootshaus Gravel Ultra 2025. Foto: Jan Holbeck\" class=\"wp-image-166\" srcset=\"https:\/\/www.bootshaus-gravel.de\/wp-content\/uploads\/2025\/10\/DSC07155.jpg 768w, https:\/\/www.bootshaus-gravel.de\/wp-content\/uploads\/2025\/10\/DSC07155-300x169.jpg 300w\" sizes=\"auto, (max-width: 767px) 89vw, (max-width: 1000px) 54vw, (max-width: 1071px) 543px, 580px\" \/><figcaption class=\"wp-element-caption\">Franc Cherubini war mit Startnummer 16 einer von nur neun Finishern bei der Premiere des Bootshaus Gravel Ultra. Foto: Trailfritz\/Jan Holbeck<\/figcaption><\/figure>\n\n\n\n<p class=\"has-background has-medium-font-size\" style=\"background-color:#3ab6b0\"><strong>Der Ablauf<\/strong><\/p>\n\n\n\n<p><strong>Bootshaus Gravel Ultra am 11. September 2026<\/strong><\/p>\n\n\n\n<ul class=\"wp-block-list\">\n<li>11.9.: Ab 6:00 Uhr morgens begr\u00fc\u00dfen wir euch zum kleinen Fr\u00fchst\u00fcck mit Kaffee und Croissant.<\/li>\n\n\n\n<li>11.9.: Um 7:00 Uhr schicken wir euch auf die lange Ultra-Strecke durch die Eifel.<\/li>\n\n\n\n<li>12.9.: Am Samstagmorgen erwarten wir die ersten Finisher:innen des Bootshaus Gravel im Ziel zur\u00fcck am Bootshaus.<\/li>\n\n\n\n<li>12.9.: Bis 19:00 Uhr empfangen wir die Finisher:innen zur\u00fcck am Bootshaus. (Aber auch sp\u00e4ter wird sicherlich noch jemand vor Ort sein.)<\/li>\n<\/ul>\n\n\n\n<p class=\"has-background has-medium-font-size\" style=\"background-color:#3ab6b0\"><strong>Der Modus<\/strong><\/p>\n\n\n\n<p>Der Bootshaus Gravel Ultra ist kein Rennen, aber eine amtliche Challenge. Hier geht es nicht darum, als die oder der Schnellste zur\u00fcck am Bootshaus zu sein. Ziel ist es vielmehr,  euren <strong>inneren Schweinehund<\/strong> zu besiegen und euch selbst zu beweisen, dass ihr die Herausforderung meistern k\u00f6nnt. Als kleinen, sportlichen Ansporn haben wir uns f\u00fcr dieses Jahr dennoch eine Besonderheit ausgedacht: <strong>Bronze, Silber und Gold!<\/strong><\/p>\n\n\n\n<ul class=\"wp-block-list\">\n<li><strong>Bronze <\/strong>gibt es f\u00fcr alle Teilnehmenden, die den Bootshaus Gravel Ultra beenden.<\/li>\n\n\n\n<li><strong>Silber <\/strong>gibt es f\u00fcr alle Teilnehmenden, die die Strecke in weniger als 36 Stunden bew\u00e4ltigen.<\/li>\n\n\n\n<li><strong>Gold <\/strong>gibt es f\u00fcr alle Teilnehmenden, die die Strecke in weniger als 24 Stunden bew\u00e4ltigen.<\/li>\n<\/ul>\n\n\n\n<p class=\"has-vivid-red-color has-text-color has-link-color wp-elements-7a33a39f3d46b257718b4f35625a080b\"><strong>Die Anmeldung ist geschlossen, alle Pl\u00e4tze sind vergeben. Aber hier kannst du dich zur Warteliste eintragen. Wer wei\u00df, vielleicht wird ja noch ein Platz frei.<\/strong><\/p>\n\n\n\n<div class=\"wp-block-buttons is-content-justification-center is-layout-flex wp-container-core-buttons-is-layout-16018d1d wp-block-buttons-is-layout-flex\">\n<div class=\"wp-block-button\"><a class=\"wp-block-button__link has-background wp-element-button\" href=\"https:\/\/docs.google.com\/forms\/d\/e\/1FAIpQLSeainAMh8H7DmGVrpBhpjhAbOmkYBxniNA1i1gFARBybMfs2Q\/viewform?usp=dialog\" style=\"background-color:#3ab6b0\">Zur Warteliste<\/a><\/div>\n<\/div>\n","protected":false},"excerpt":{"rendered":"<p>400 Kilometer, 6800 H\u00f6henmeter Die ultimative Herausforderung. F\u00fcr die Ausgabe 2025 haben wir unseren Gravel Ride erstmals mit einer richtigen Langstrecke garniert. Nur neun Fahrer haben die fast 400 Kilometer lange Strecke gemeistert. Am 11. September 2026 geht der Bootshaus Gravel Ultra in die zweite Runde. Dabei gilt es im Selbstversorgungsmodus auf vorgegebener Strecke eine &hellip; <\/p>\n<p class=\"link-more\"><a href=\"https:\/\/www.bootshaus-gravel.de\/index.php\/bootshaus-gravel-ultra\/\" class=\"more-link\"><span class=\"screen-reader-text\">\u201eBootshaus Gravel Ultra: 11. September 2026\u201c <\/span>weiterlesen<\/a><\/p>\n","protected":false},"author":1,"featured_media":0,"parent":0,"menu_order":0,"comment_status":"closed","ping_status":"closed","template":"","meta":{"footnotes":""},"class_list":["post-147","page","type-page","status-publish","hentry"],"_links":{"self":[{"href":"https:\/\/www.bootshaus-gravel.de\/index.php\/wp-json\/wp\/v2\/pages\/147","targetHints":{"allow":["GET"]}}],"collection":[{"href":"https:\/\/www.bootshaus-gravel.de\/index.php\/wp-json\/wp\/v2\/pages"}],"about":[{"href":"https:\/\/www.bootshaus-gravel.de\/index.php\/wp-json\/wp\/v2\/types\/page"}],"author":[{"embeddable":true,"href":"https:\/\/www.bootshaus-gravel.de\/index.php\/wp-json\/wp\/v2\/users\/1"}],"replies":[{"embeddable":true,"href":"https:\/\/www.bootshaus-gravel.de\/index.php\/wp-json\/wp\/v2\/comments?post=147"}],"version-history":[{"count":16,"href":"https:\/\/www.bootshaus-gravel.de\/index.php\/wp-json\/wp\/v2\/pages\/147\/revisions"}],"predecessor-version":[{"id":203,"href":"https:\/\/www.bootshaus-gravel.de\/index.php\/wp-json\/wp\/v2\/pages\/147\/revisions\/203"}],"wp:attachment":[{"href":"https:\/\/www.bootshaus-gravel.de\/index.php\/wp-json\/wp\/v2\/media?parent=147"}],"curies":[{"name":"wp","href":"https:\/\/api.w.org\/{rel}","templated":true}]}}