{"id":68,"date":"2025-05-18T14:33:14","date_gmt":"2025-05-18T12:33:14","guid":{"rendered":"http:\/\/www.bootshaus-gravel.de\/?page_id=68"},"modified":"2026-03-04T07:35:39","modified_gmt":"2026-03-04T06:35:39","slug":"anmeldung","status":"publish","type":"page","link":"https:\/\/www.bootshaus-gravel.de\/index.php\/anmeldung\/","title":{"rendered":"Anmeldung"},"content":{"rendered":"\n<p class=\"has-background has-medium-font-size\" style=\"background-color:#3ab6b0\"><strong><strong>Bootshaus Gravel Ride, 12. September 2026<\/strong><\/strong> <\/p>\n\n\n\n<figure class=\"wp-block-image size-large\"><img loading=\"lazy\" decoding=\"async\" width=\"1024\" height=\"576\" src=\"https:\/\/www.bootshaus-gravel.de\/wp-content\/uploads\/2025\/05\/2022-08-14_GravelClub_Bonn_@mach_Bar_187-1024x576.jpg\" alt=\"Schotterstrecke beim Bootshaus Gravel Bonn\" class=\"wp-image-123\" srcset=\"https:\/\/www.bootshaus-gravel.de\/wp-content\/uploads\/2025\/05\/2022-08-14_GravelClub_Bonn_@mach_Bar_187-1024x576.jpg 1024w, https:\/\/www.bootshaus-gravel.de\/wp-content\/uploads\/2025\/05\/2022-08-14_GravelClub_Bonn_@mach_Bar_187-300x169.jpg 300w, https:\/\/www.bootshaus-gravel.de\/wp-content\/uploads\/2025\/05\/2022-08-14_GravelClub_Bonn_@mach_Bar_187-768x432.jpg 768w, https:\/\/www.bootshaus-gravel.de\/wp-content\/uploads\/2025\/05\/2022-08-14_GravelClub_Bonn_@mach_Bar_187-1536x864.jpg 1536w, https:\/\/www.bootshaus-gravel.de\/wp-content\/uploads\/2025\/05\/2022-08-14_GravelClub_Bonn_@mach_Bar_187.jpg 1920w\" sizes=\"auto, (max-width: 767px) 89vw, (max-width: 1000px) 54vw, (max-width: 1071px) 543px, 580px\" \/><figcaption class=\"wp-element-caption\">Feinster Schotter erwartet euch auf den Strecken des Bootshaus Gravel Rides. Foto: Manuel Buck<\/figcaption><\/figure>\n\n\n\n<p>Hier geht&#8217;s zur Anmeldung f\u00fcr den Bootshaus Gravel Ride am 12. September 2026. Zur Auswahl stehen die beiden Hauptstrecken \u00fcber 60 und 100 Kilometer. Optional gibt es einen gef\u00fchrten Women&#8217;s Ride und die 30-Kilometer-Runde f\u00fcr Einsteiger:innen und Familien. Zum Preis von 50 Euro gibt&#8217;s liebevoll gescoutete Strecken, Starter:innen-Beutel, Fr\u00fchst\u00fcck zum Start mit 1x Kaffee und 1x Croissant, Verpflegungsstopp inkl. 1x Getr\u00e4nk, im Zielbereich 1x Getr\u00e4nk und 1x Essen.<\/p>\n\n\n\n<p class=\"has-vivid-red-color has-text-color has-link-color wp-elements-7a33a39f3d46b257718b4f35625a080b\"><strong>Die Anmeldung ist geschlossen, alle Pl\u00e4tze sind vergeben. Aber hier kannst du dich zur Warteliste eintragen. Wer wei\u00df, vielleicht wird ja noch ein Platz frei.<\/strong><\/p>\n\n\n\n<div class=\"wp-block-buttons is-content-justification-center is-layout-flex wp-container-core-buttons-is-layout-5e6b19ed wp-block-buttons-is-layout-flex\">\n<div class=\"wp-block-button is-style-fill\"><a class=\"wp-block-button__link has-background wp-element-button\" href=\"https:\/\/docs.google.com\/forms\/d\/e\/1FAIpQLSeainAMh8H7DmGVrpBhpjhAbOmkYBxniNA1i1gFARBybMfs2Q\/viewform?usp=publish-editor\" style=\"background-color:#3ab6b0\">Zur Warteliste<\/a><\/div>\n<\/div>\n\n\n\n<hr class=\"wp-block-separator has-alpha-channel-opacity is-style-default\"\/>\n\n\n\n<p class=\"has-background has-medium-font-size\" style=\"background-color:#3ab6b0\"><strong><strong>Bootshaus Gravel Ultra, 11. September 2026<\/strong><\/strong> <\/p>\n\n\n\n<figure class=\"wp-block-image size-full\"><img loading=\"lazy\" decoding=\"async\" width=\"768\" height=\"432\" src=\"https:\/\/www.bootshaus-gravel.de\/wp-content\/uploads\/2025\/10\/DSC07155.jpg\" alt=\"\" class=\"wp-image-166\" srcset=\"https:\/\/www.bootshaus-gravel.de\/wp-content\/uploads\/2025\/10\/DSC07155.jpg 768w, https:\/\/www.bootshaus-gravel.de\/wp-content\/uploads\/2025\/10\/DSC07155-300x169.jpg 300w\" sizes=\"auto, (max-width: 767px) 89vw, (max-width: 1000px) 54vw, (max-width: 1071px) 543px, 580px\" \/><figcaption class=\"wp-element-caption\">Einmal quer durch die Eifel geht&#8217;s beim Bootshaus Gravel Ultra. Foto: Jan Holbeck<\/figcaption><\/figure>\n\n\n\n<p>Hier geht&#8217;s zur Anmeldung f\u00fcr den Bootshaus Gravel Ultra am 11. September 2026. Bei dieser besonderen Herausforderung d\u00fcrft ihr euch auf eine rund 400 Kilometer lange Strecke quer durch die Eifel freuen, garniert mit rund 7000 H\u00f6henmetern. Das Startgeld betr\u00e4gt 100 Euro. Daf\u00fcr gibt es einen GPS-Tracker zur Miete, Starter:innen-Beutel, Fr\u00fchst\u00fcck zum Start mit 1x Kaffee und 1x Croissant, Verpflegungsstopp inkl. 1x Getr\u00e4nk, im Zielbereich 1x Getr\u00e4nk bei Ankunft bis Samstag, 20 Uhr.<\/p>\n\n\n\n<p class=\"has-vivid-red-color has-text-color has-link-color wp-elements-7a33a39f3d46b257718b4f35625a080b\"><strong>Die Anmeldung ist geschlossen, alle Pl\u00e4tze sind vergeben. Aber hier kannst du dich zur Warteliste eintragen. Wer wei\u00df, vielleicht wird ja noch ein Platz frei.<\/strong><\/p>\n\n\n\n<div class=\"wp-block-buttons is-content-justification-center is-layout-flex wp-container-core-buttons-is-layout-16018d1d wp-block-buttons-is-layout-flex\">\n<div class=\"wp-block-button is-style-fill\"><a class=\"wp-block-button__link has-background wp-element-button\" href=\"https:\/\/docs.google.com\/forms\/d\/e\/1FAIpQLSeainAMh8H7DmGVrpBhpjhAbOmkYBxniNA1i1gFARBybMfs2Q\/viewform?usp=publish-editor\" style=\"background-color:#3ab6b0\">Zur Warteliste<\/a><\/div>\n<\/div>\n","protected":false},"excerpt":{"rendered":"<p>Bootshaus Gravel Ride, 12. September 2026 Hier geht&#8217;s zur Anmeldung f\u00fcr den Bootshaus Gravel Ride am 12. September 2026. Zur Auswahl stehen die beiden Hauptstrecken \u00fcber 60 und 100 Kilometer. Optional gibt es einen gef\u00fchrten Women&#8217;s Ride und die 30-Kilometer-Runde f\u00fcr Einsteiger:innen und Familien. Zum Preis von 50 Euro gibt&#8217;s liebevoll gescoutete Strecken, Starter:innen-Beutel, Fr\u00fchst\u00fcck &hellip; <\/p>\n<p class=\"link-more\"><a href=\"https:\/\/www.bootshaus-gravel.de\/index.php\/anmeldung\/\" class=\"more-link\"><span class=\"screen-reader-text\">\u201eAnmeldung\u201c <\/span>weiterlesen<\/a><\/p>\n","protected":false},"author":1,"featured_media":0,"parent":0,"menu_order":0,"comment_status":"closed","ping_status":"closed","template":"","meta":{"footnotes":""},"class_list":["post-68","page","type-page","status-publish","hentry"],"_links":{"self":[{"href":"https:\/\/www.bootshaus-gravel.de\/index.php\/wp-json\/wp\/v2\/pages\/68","targetHints":{"allow":["GET"]}}],"collection":[{"href":"https:\/\/www.bootshaus-gravel.de\/index.php\/wp-json\/wp\/v2\/pages"}],"about":[{"href":"https:\/\/www.bootshaus-gravel.de\/index.php\/wp-json\/wp\/v2\/types\/page"}],"author":[{"embeddable":true,"href":"https:\/\/www.bootshaus-gravel.de\/index.php\/wp-json\/wp\/v2\/users\/1"}],"replies":[{"embeddable":true,"href":"https:\/\/www.bootshaus-gravel.de\/index.php\/wp-json\/wp\/v2\/comments?post=68"}],"version-history":[{"count":14,"href":"https:\/\/www.bootshaus-gravel.de\/index.php\/wp-json\/wp\/v2\/pages\/68\/revisions"}],"predecessor-version":[{"id":199,"href":"https:\/\/www.bootshaus-gravel.de\/index.php\/wp-json\/wp\/v2\/pages\/68\/revisions\/199"}],"wp:attachment":[{"href":"https:\/\/www.bootshaus-gravel.de\/index.php\/wp-json\/wp\/v2\/media?parent=68"}],"curies":[{"name":"wp","href":"https:\/\/api.w.org\/{rel}","templated":true}]}}