{"id":7,"date":"2025-05-17T18:44:43","date_gmt":"2025-05-17T16:44:43","guid":{"rendered":"http:\/\/www.bootshaus-gravel.de\/?page_id=7"},"modified":"2025-10-26T08:55:29","modified_gmt":"2025-10-26T07:55:29","slug":"strecken","status":"publish","type":"page","link":"https:\/\/www.bootshaus-gravel.de\/index.php\/strecken\/","title":{"rendered":"Strecken"},"content":{"rendered":"\n<p>Insgesamt stehen euch in diesem Jahr im Rahmen des Bootshaus Gravel Bonn <strong>vier Strecken<\/strong> zur Auswahl: Der Gravel Ride \u00fcber wahlweise ca. 30, 60 oder 100 Kilometer. Und der<strong> <a href=\"https:\/\/www.bootshaus-gravel.de\/index.php\/bootshaus-gravel-ultra\/\" data-type=\"page\" data-id=\"147\">Bootshaus Gravel Ultra<\/a><\/strong> \u00fcber ca. 400 Kilometer. Wichtig: Die Strecken sind nicht ausgeschildert oder auf andere Weise markiert. Im Vorfeld erhalten die Teilnehmer:innen die Strecken als GPX-Track zum Nachfahren per Radcomputer &amp; Co.<\/p>\n\n\n\n<p class=\"has-background has-medium-font-size\" style=\"background-color:#3ab6b0\"><strong>Bootshaus Gravel Ride 100<\/strong><\/p>\n\n\n\n<p>Wir arbeiten noch an der Strecke. Die genauen Infos folgen. Lasst euch \u00fcberraschen.<\/p>\n\n\n\n<p class=\"has-background has-medium-font-size\" style=\"background-color:#3ab6b0\"><strong>Bootshaus Gravel Ride 60<\/strong><\/p>\n\n\n\n<p>Wir arbeiten noch an der Strecke. Die genauen Infos folgen. Lasst euch \u00fcberraschen.<\/p>\n\n\n\n<p class=\"has-background has-medium-font-size\" style=\"background-color:#3ab6b0\"><strong>Bootshaus Gravel Family: 28 Kilometer, ca. 350 H\u00f6henmeter<\/strong><\/p>\n\n\n\n<p>Die perfekte Wahl f\u00fcr Gravel-Noviz:innen und Kids. Der sch\u00f6ne Ride f\u00fchrt vom Bootshaus durch das <strong>Siebengebirge<\/strong>. Wir haben versucht, einen guten Mix aus landschaftlich reizvoller Strecke und <strong>gem\u00e4\u00dfigter Anforderung<\/strong> zu erstellen. So ganz ohne ist der Ride dennoch nicht, aber ihr sollt im Ziel ja auch von euren <strong>Heldentaten <\/strong>berichten k\u00f6nnen. Wer mag, kann allerdings ein wenig abk\u00fcrzen und so nochmal 4 Kilometer und etwa 50 H\u00f6henmeter sparen.<\/p>\n\n\n\n<p class=\"has-background has-medium-font-size\" style=\"background-color:#3ab6b0\"><strong>Bootshaus Gravel Ultra: ca. 400 Kilometer, ca. 6500 H\u00f6henmeter<\/strong><\/p>\n\n\n\n<p>Die ultimative <strong>Herausforderung<\/strong>. F\u00fcr die Ausgabe 2025 haben wir unseren Gravel Ride erstmals mit einer richtigen Langstrecke garniert. Nur neun Fahrer haben die fast 400 Kilometer lange Strecke gemeistert. Am 11. September 2026 geht der Bootshaus Gravel Ultra in die zweite Runde. Dabei gilt es im <strong>Selbstversorgungsmodus <\/strong>eine Reihe vorgegebener Checkpoints und Parcours quer durch die Eifel abzufahren. Wir sind gespannt, wer von euch sich diesmal der Herausforderung stellt.<\/p>\n\n\n\n<figure class=\"wp-block-image size-large\"><img loading=\"lazy\" decoding=\"async\" width=\"1024\" height=\"576\" src=\"https:\/\/www.bootshaus-gravel.de\/wp-content\/uploads\/2025\/05\/gravel_ride_01-1024x576.jpg\" alt=\"\" class=\"wp-image-74\" srcset=\"https:\/\/www.bootshaus-gravel.de\/wp-content\/uploads\/2025\/05\/gravel_ride_01-1024x576.jpg 1024w, https:\/\/www.bootshaus-gravel.de\/wp-content\/uploads\/2025\/05\/gravel_ride_01-300x169.jpg 300w, https:\/\/www.bootshaus-gravel.de\/wp-content\/uploads\/2025\/05\/gravel_ride_01-768x432.jpg 768w, https:\/\/www.bootshaus-gravel.de\/wp-content\/uploads\/2025\/05\/gravel_ride_01-1536x864.jpg 1536w, https:\/\/www.bootshaus-gravel.de\/wp-content\/uploads\/2025\/05\/gravel_ride_01.jpg 1920w\" sizes=\"auto, (max-width: 767px) 89vw, (max-width: 1000px) 54vw, (max-width: 1071px) 543px, 580px\" \/><figcaption class=\"wp-element-caption\">Auf Schotter Richtung Eifel und zur\u00fcck. Foto: Manuel Buck<\/figcaption><\/figure>\n\n\n\n<p class=\"has-background has-medium-font-size\" style=\"background-color:#3ab6b0\"><strong>Strecken-Regeln<\/strong><\/p>\n\n\n\n<p>Der Gravelbike-Sport lebt von dem Erlebnis mit und in der <strong>Natur<\/strong>. Entsprechend nachhaltig m\u00f6chten wir unser Event gestalten und einen m\u00f6glichst kleinen \u00f6kologischen <strong>Fu\u00dfabdruck <\/strong>hinterlassen. Das f\u00e4ngt mit der Querung des Rheins per Elektro-F\u00e4hre an und endet mit dem weitgehenden Verzicht auf Einwegl\u00f6sungen f\u00fcr Besteck und Geschirr. Zudem gelten folgende Regeln f\u00fcr eine m\u00f6glichst nachhaltige und reibungslose Veranstaltung:<\/p>\n\n\n\n<p class=\"has-background\" style=\"background-color:#3ab6b0\"><strong>Wir bleiben auf den Wegen<\/strong><br>Wir fahren auf angelegten Wegen und vorhandener Infrastruktur. In freier Natur und Waldfl\u00e4chen bewegen wir das Rad nicht abseits dieser Wege.<\/p>\n\n\n\n<p><strong>Wir respektieren andere Naturnutzende<\/strong><br>Wir Radfahrende respektieren die Natur, die Flora und Fauna. Anderen Naturnutzenden, vor allem Fussg\u00e4nger:innen, lassen wir <strong>Vortritt <\/strong>und verhalten uns ihnen gegen\u00fcber stets r\u00fccksichtsvoll. Fu\u00dfg\u00e4nger:innen haben immer &#8222;Vorfahrt&#8220;.<\/p>\n\n\n\n<p class=\"has-background\" style=\"background-color:#3ab6b0\"><strong>Wir hinterlassen keine Spuren<\/strong><br>Wir halten M\u00fcll aber auch biologische Abf\u00e4lle wie Bananenschalen bei uns. Das Rad bewegen wir kontrolliert \u00fcber die Wege und vermeiden blockierende Bremsen und entsprechende Bremsspuren, sowohl aus R\u00fccksicht gegen\u00fcber anderen Menschen als auch zum Erhalt der Wege. Idealerweise begegnen wir der Natur so, dass man im Anschluss nicht erkennen kann, dass wir \u00fcberhaupt da gewesen sind.<\/p>\n\n\n\n<p><strong>Wir haben das Fahrrad stets unter Kontrolle<\/strong><br>Wir fahren kontrolliert und <strong>vorausschauend<\/strong>, um uns selbst, vor allem aber auch Dritte nicht zu gef\u00e4hrden.<\/p>\n\n\n\n<p class=\"has-background\" style=\"background-color:#3ab6b0\"><strong>Wir zeigen R\u00fccksicht auf Pflanzen und Tiere<\/strong><br>In der freien Natur und im Wald sind wir nicht allein. Wir k\u00f6nnen nicht nur auf Menschen, sondern auch auf Tiere treffen. In diesem Fall verhalten wir uns <strong>ruhig und r\u00fccksichtsvoll<\/strong>. Wir erkennen an, dass wir nur zu Gast in der Welt der Tiere sind. Auch besch\u00e4digen wir keine Pflanzen.<\/p>\n\n\n\n<figure class=\"wp-block-image size-large\"><img loading=\"lazy\" decoding=\"async\" width=\"1024\" height=\"576\" src=\"https:\/\/www.bootshaus-gravel.de\/wp-content\/uploads\/2025\/05\/gravel_ride_02-1024x576.jpg\" alt=\"\" class=\"wp-image-75\" srcset=\"https:\/\/www.bootshaus-gravel.de\/wp-content\/uploads\/2025\/05\/gravel_ride_02-1024x576.jpg 1024w, https:\/\/www.bootshaus-gravel.de\/wp-content\/uploads\/2025\/05\/gravel_ride_02-300x169.jpg 300w, https:\/\/www.bootshaus-gravel.de\/wp-content\/uploads\/2025\/05\/gravel_ride_02-768x432.jpg 768w, https:\/\/www.bootshaus-gravel.de\/wp-content\/uploads\/2025\/05\/gravel_ride_02-1536x864.jpg 1536w, https:\/\/www.bootshaus-gravel.de\/wp-content\/uploads\/2025\/05\/gravel_ride_02.jpg 1920w\" sizes=\"auto, (max-width: 767px) 89vw, (max-width: 1000px) 54vw, (max-width: 1071px) 543px, 580px\" \/><figcaption class=\"wp-element-caption\">Durch Felder und W\u00e4lder geht&#8217;s beim Bootshaus Gravel Ride. Foto: Manuel Buck<\/figcaption><\/figure>\n","protected":false},"excerpt":{"rendered":"<p>Insgesamt stehen euch in diesem Jahr im Rahmen des Bootshaus Gravel Bonn vier Strecken zur Auswahl: Der Gravel Ride \u00fcber wahlweise ca. 30, 60 oder 100 Kilometer. Und der Bootshaus Gravel Ultra \u00fcber ca. 400 Kilometer. Wichtig: Die Strecken sind nicht ausgeschildert oder auf andere Weise markiert. Im Vorfeld erhalten die Teilnehmer:innen die Strecken als &hellip; <\/p>\n<p class=\"link-more\"><a href=\"https:\/\/www.bootshaus-gravel.de\/index.php\/strecken\/\" class=\"more-link\"><span class=\"screen-reader-text\">\u201eStrecken\u201c <\/span>weiterlesen<\/a><\/p>\n","protected":false},"author":1,"featured_media":0,"parent":0,"menu_order":0,"comment_status":"closed","ping_status":"closed","template":"","meta":{"footnotes":""},"class_list":["post-7","page","type-page","status-publish","hentry"],"_links":{"self":[{"href":"https:\/\/www.bootshaus-gravel.de\/index.php\/wp-json\/wp\/v2\/pages\/7","targetHints":{"allow":["GET"]}}],"collection":[{"href":"https:\/\/www.bootshaus-gravel.de\/index.php\/wp-json\/wp\/v2\/pages"}],"about":[{"href":"https:\/\/www.bootshaus-gravel.de\/index.php\/wp-json\/wp\/v2\/types\/page"}],"author":[{"embeddable":true,"href":"https:\/\/www.bootshaus-gravel.de\/index.php\/wp-json\/wp\/v2\/users\/1"}],"replies":[{"embeddable":true,"href":"https:\/\/www.bootshaus-gravel.de\/index.php\/wp-json\/wp\/v2\/comments?post=7"}],"version-history":[{"count":12,"href":"https:\/\/www.bootshaus-gravel.de\/index.php\/wp-json\/wp\/v2\/pages\/7\/revisions"}],"predecessor-version":[{"id":163,"href":"https:\/\/www.bootshaus-gravel.de\/index.php\/wp-json\/wp\/v2\/pages\/7\/revisions\/163"}],"wp:attachment":[{"href":"https:\/\/www.bootshaus-gravel.de\/index.php\/wp-json\/wp\/v2\/media?parent=7"}],"curies":[{"name":"wp","href":"https:\/\/api.w.org\/{rel}","templated":true}]}}